{"id":2504,"date":"2014-03-15T15:48:58","date_gmt":"2014-03-15T14:48:58","guid":{"rendered":"http:\/\/ainas.cyberhem.com\/?page_id=2504"},"modified":"2014-03-15T15:48:58","modified_gmt":"2014-03-15T14:48:58","slug":"nu-ar-jag-lite","status":"publish","type":"page","link":"https:\/\/ainas.cyberhem.com\/index.php\/nu-ar-jag-lite\/","title":{"rendered":"Nu \u00e4r jag lite.."},"content":{"rendered":"<p>&nbsp;<\/p>\n<p>..sur p\u00e5 v\u00e4dergudarna. Natten mot m\u00e5ndag kom min dotter, Kali, hennes man Andr\u00e9 och minsta barnbarnet Cornelia hit f\u00f6r att h\u00e4lsa p\u00e5 och f\u00e5 fem dagars vila, med sol och v\u00e4rme, men icke s\u00e5. Efter att i flera veckor varit bra v\u00e4der, bl\u00e5sigt men med en trogen sol och i l\u00e4 bakom vinskydden har det varit helt underbart sk\u00f6nt, s\u00e5 beslutade solen sig f\u00f6r att mer eller mindre ta siesta st\u00f6rre delen av dagen. M\u00e5ndag var skaplig s\u00e5 det blev en sk\u00f6n promenad ner till marinan f\u00f6r en paus i solen men bl. a glass\u00e4tning, s\u00e4songens f\u00f6rsta f\u00f6r mig, och jag kan intyga att mina smakl\u00f6kar \u00e4r intakta, gott, gott, gott. Men tyv\u00e4rr tyckte tydligen v\u00e4dergudarna att nu fick det vara bra med den typen av v\u00e4der s\u00e5 dagarna efter m\u00e5ndag blev inte vad vi brukar skryta om, nej de dagarna var b\u00e5de kalla, bl\u00e5siga och solfattiga. F\u00f6r v\u00e5r del hade v\u00e4l v\u00e4dret inte n\u00e5gon st\u00f6rre betydelse f\u00f6r nog f\u00e5r vi uppleva sol och v\u00e4rme men synd f\u00f6r v\u00e5ra bes\u00f6kare som borde ha kunnat f\u00e5 njuta av n\u00e5gra dagar sommar, jag nj\u00f6t ju av att de var h\u00e4r och av att f\u00e5 tr\u00e4ffa Cornelia.\u201dBarnen\u201d \u00e5kte hem p\u00e5 fredag eftermiddag, naturligtvis har v\u00e4dret h\u00e4r varit betydligt mer sommarlikt \u00e4n det v\u00e4der som normalt h\u00e4rskar i norra Sverige vid den h\u00e4r tiden, men vad som g\u00f6r mig besviken \u00e4r att i dag, dagen efter de \u00e5kt, d\u00e5 har vi minsann sommar igen. Efter att i fem dagar g\u00e5tt i l\u00e5ngbyxor kofta och fleecejacka och \u00e4nd\u00e5 k\u00e4nt mig frusen \u00e4r det \u00e5ter igen shorts och linne som g\u00e4ller\u2026 surt tycker jag. Men jag hoppas att de kan g\u00f6ra om bes\u00f6ket vid n\u00e5got annat tillf\u00e4lle, f\u00f6rslagsvis p\u00e5 h\u00f6sten, september eller oktober \u00e4r bra m\u00e5nader tycker jag.<\/p>\n<p>Fredagen var annars \u00f6verraskningarnas dag \u00e5tminstone vad det g\u00e4ller eftermiddag och kv\u00e4ll, Gunilla och Tommy som vi v\u00e4ntade hit under de sista dagarna i mars knackade p\u00e5 d\u00f6rren redan i g\u00e5r kv\u00e4ll, surprise, surprise. Visserligen hade vi f\u00e5tt information om att de var p\u00e5 ing\u00e5ende och bett att vi om m\u00f6jligt skulle fixa en plats tills idag l\u00f6rdag, de t\u00e4nkte \u00f6vernatta i Peniscola f\u00f6r att sedan komma hit under dagen, SMS:et fick jag p\u00e5 eftermiddagen. Ordnade s\u00e5 att det fanns plats tills i dag l\u00f6rdag, men s\u00e5 bara fyra- fem timmar efter att jag meddelat det s\u00e5 knackade det p\u00e5 v\u00e5r d\u00f6rr\u2026 och d\u00e4r stod de, Gunilla och Tommy.<\/p>\n<p>S\u00e5 efter att ha startat sin resa fr\u00e5n Byske utanf\u00f6r Skellefte\u00e5 den 3 mars och pratade om att ta det verkligen l\u00e5ngsamt genom Europa s\u00e5 stod de allts\u00e5 h\u00e4r den 14 mars. De ca 28 dagar de fr\u00e5n b\u00f6rjan planerade att resan skulle ta krympte till 14 allts\u00e5 bara halva tiden. Jag kan v\u00e4l egentligen inte s\u00e4ga att jag \u00e4r fr\u00e4mmande f\u00f6r det fenomenet, v\u00e5r resa hit brukar vi planera ska ta ca 14 dagar men det har alltid stannat vid sju eller under, hem kan jag kosta p\u00e5 mig att ta det lugnt. Under alla f\u00f6rh\u00e5llanden s\u00e5 \u00e4r vi j\u00e4tteglada att de \u00e4r h\u00e4r, att resan har g\u00e5tt bra och om nu v\u00e4dergudarna sk\u00e4rper sig s\u00e5 kan vi inom inte allt f\u00f6r m\u00e5nga veckor b\u00f6rja bada i havet, i alla fall senast n\u00e4r min sv\u00e4gerska och bror kommer i mitten av april.<\/p>\n","protected":false},"excerpt":{"rendered":"<p>&nbsp; ..sur p\u00e5 v\u00e4dergudarna. Natten mot m\u00e5ndag kom min dotter, Kali, hennes man Andr\u00e9 och minsta barnbarnet Cornelia hit f\u00f6r att h\u00e4lsa p\u00e5 och f\u00e5 fem dagars vila, med sol och v\u00e4rme, men icke s\u00e5. Efter att i flera veckor varit bra v\u00e4der, bl\u00e5sigt men med en trogen sol och i l\u00e4 bakom vinskydden har [&hellip;]<\/p>\n","protected":false},"author":1,"featured_media":0,"parent":0,"menu_order":0,"comment_status":"open","ping_status":"open","template":"","meta":[],"_links":{"self":[{"href":"https:\/\/ainas.cyberhem.com\/index.php\/wp-json\/wp\/v2\/pages\/2504"}],"collection":[{"href":"https:\/\/ainas.cyberhem.com\/index.php\/wp-json\/wp\/v2\/pages"}],"about":[{"href":"https:\/\/ainas.cyberhem.com\/index.php\/wp-json\/wp\/v2\/types\/page"}],"author":[{"embeddable":true,"href":"https:\/\/ainas.cyberhem.com\/index.php\/wp-json\/wp\/v2\/users\/1"}],"replies":[{"embeddable":true,"href":"https:\/\/ainas.cyberhem.com\/index.php\/wp-json\/wp\/v2\/comments?post=2504"}],"version-history":[{"count":1,"href":"https:\/\/ainas.cyberhem.com\/index.php\/wp-json\/wp\/v2\/pages\/2504\/revisions"}],"predecessor-version":[{"id":2505,"href":"https:\/\/ainas.cyberhem.com\/index.php\/wp-json\/wp\/v2\/pages\/2504\/revisions\/2505"}],"wp:attachment":[{"href":"https:\/\/ainas.cyberhem.com\/index.php\/wp-json\/wp\/v2\/media?parent=2504"}],"curies":[{"name":"wp","href":"https:\/\/api.w.org\/{rel}","templated":true}]}}